{"id":1132,"date":"2024-06-04T15:58:42","date_gmt":"2024-06-04T13:58:42","guid":{"rendered":"https:\/\/experto-digital.es\/?page_id=1132"},"modified":"2024-06-04T16:46:11","modified_gmt":"2024-06-04T14:46:11","slug":"aviso-legal","status":"publish","type":"page","link":"https:\/\/experto-digital.es\/de\/aviso-legal\/","title":{"rendered":"Aviso legal"},"content":{"rendered":"<p><strong>Website:<\/strong><\/p>\n\n\n\n<p>Villa Navia 32<br>C\/Fray Luis de Leon<br>Dehesa de Campoamor<\/p>\n\n\n\n<p>03189 Orihuela Costa - Alicante<br>Spanien \/ Espa\u00f1a<\/p>\n\n\n\n<p>Kontakt: +34 604 469 321<\/p>\n\n\n\n<p><strong>Verteten durch:<\/strong><\/p>\n\n\n\n<p>Cristian Gebauhr<\/p>\n\n\n\n<p>Verantwortlich:<br><br>Verantwortlichkeit f\u00fcr den Inhalt<br>Die Inhalte unserer Seiten wurden mit gr\u00f6\u00dftm\u00f6glicher Sorgfalt erstellt. Dennoch k\u00f6nnen wir keine Garantie f\u00fcr die Richtigkeit, Integrit\u00e4t und Aktualit\u00e4t der Inhalte \u00fcbernehmen. Gem\u00e4\u00df den gesetzlichen Bestimmungen sind wir dar\u00fcber hinaus f\u00fcr unsere eigenen Inhalte auf diesen Webseiten verantwortlich. In diesem Zusammenhang sollten Sie bedenken, dass wir nicht verpflichtet sind, nur die von Dritten \u00fcbermittelten oder aufbewahrten Informationen zu kontrollieren oder nach Umst\u00e4nden zu suchen, die auf eine rechtswidrige Handlung hindeuten. Unsere Verpflichtungen zur Beseitigung oder Sperrung der Nutzung von Informationen nach den allgemeinen Gesetzen werden hierdurch nicht ber\u00fchrt, wie in den Artikeln 8 bis 10 des Telemediengesetzes (TMG) festgelegt.<br><br>\u200b<\/p>","protected":false},"excerpt":{"rendered":"<p>Website: Villa Navia 32C\/Fray Luis de LeonDehesa de Campoamor 03189 Orihuela Costa &#8211; AlicanteSpain \/ \u200bEspa\u00f1a \u200bContacto: +34 604 469 321 Re\u200bpresentado por: Cristian Gebauhr Descargo de responsabilidad: Responsabilidad por el contenidoLos contenidos de nuestras p\u00e1ginas han sido creados con el m\u00e1ximo cuidado. Sin embargo, no podemos garantizar la exactitud, integridad o actualidad del contenido. [&hellip;]<\/p>","protected":false},"author":1,"featured_media":0,"parent":0,"menu_order":0,"comment_status":"closed","ping_status":"closed","template":"","meta":{"iawp_total_views":68,"footnotes":""},"class_list":["post-1132","page","type-page","status-publish","hentry"],"blocksy_meta":[],"_links":{"self":[{"href":"https:\/\/experto-digital.es\/de\/wp-json\/wp\/v2\/pages\/1132","targetHints":{"allow":["GET"]}}],"collection":[{"href":"https:\/\/experto-digital.es\/de\/wp-json\/wp\/v2\/pages"}],"about":[{"href":"https:\/\/experto-digital.es\/de\/wp-json\/wp\/v2\/types\/page"}],"author":[{"embeddable":true,"href":"https:\/\/experto-digital.es\/de\/wp-json\/wp\/v2\/users\/1"}],"replies":[{"embeddable":true,"href":"https:\/\/experto-digital.es\/de\/wp-json\/wp\/v2\/comments?post=1132"}],"version-history":[{"count":3,"href":"https:\/\/experto-digital.es\/de\/wp-json\/wp\/v2\/pages\/1132\/revisions"}],"predecessor-version":[{"id":1141,"href":"https:\/\/experto-digital.es\/de\/wp-json\/wp\/v2\/pages\/1132\/revisions\/1141"}],"wp:attachment":[{"href":"https:\/\/experto-digital.es\/de\/wp-json\/wp\/v2\/media?parent=1132"}],"curies":[{"name":"wp","href":"https:\/\/api.w.org\/{rel}","templated":true}]}}